{"id":3037,"date":"2026-01-16T17:49:24","date_gmt":"2026-01-16T17:49:24","guid":{"rendered":"https:\/\/next.universitas.pt\/?page_id=3037"},"modified":"2026-01-20T17:26:34","modified_gmt":"2026-01-20T17:26:34","slug":"candidatura-ao-programa-protecao-civil-360-nivel-2","status":"publish","type":"page","link":"https:\/\/next.universitas.pt\/index.php\/candidatura-ao-programa-protecao-civil-360-nivel-2\/","title":{"rendered":"Candidatura ao Programa &#8211; Prote\u00e7\u00e3o Civil 360\u200b (N\u00edvel 2)"},"content":{"rendered":"\t\t<div data-elementor-type=\"wp-page\" data-elementor-id=\"3037\" class=\"elementor elementor-3037\" data-elementor-post-type=\"page\">\n\t\t\t\t<div class=\"elementor-element elementor-element-68d83e4 e-flex e-con-boxed wpr-particle-no wpr-jarallax-no wpr-parallax-no wpr-sticky-section-no wpr-equal-height-no e-con e-parent\" data-id=\"68d83e4\" data-element_type=\"container\" data-e-type=\"container\" data-settings=\"{&quot;background_background&quot;:&quot;classic&quot;,&quot;shape_divider_bottom&quot;:&quot;tilt&quot;}\">\n\t\t\t\t\t<div class=\"e-con-inner\">\n\t\t\t\t<div class=\"elementor-shape elementor-shape-bottom\" aria-hidden=\"true\" data-negative=\"false\">\n\t\t\t<svg xmlns=\"http:\/\/www.w3.org\/2000\/svg\" viewBox=\"0 0 1000 100\" preserveAspectRatio=\"none\">\n\t<path class=\"elementor-shape-fill\" d=\"M0,6V0h1000v100L0,6z\"\/>\n<\/svg>\t\t<\/div>\n\t\t<div class=\"elementor-element elementor-element-79ee12e e-con-full e-flex wpr-particle-no wpr-jarallax-no wpr-parallax-no wpr-sticky-section-no wpr-equal-height-no e-con e-child\" data-id=\"79ee12e\" data-element_type=\"container\" data-e-type=\"container\">\n\t\t\t\t<div class=\"elementor-element elementor-element-0984547 elementor-widget elementor-widget-heading\" data-id=\"0984547\" data-element_type=\"widget\" data-e-type=\"widget\" data-widget_type=\"heading.default\">\n\t\t\t\t\t<h2 class=\"elementor-heading-title elementor-size-default\">Candidatura <br>ao Programa<\/h2>\t\t\t\t<\/div>\n\t\t\t\t<\/div>\n\t\t<div class=\"elementor-element elementor-element-dca3664 e-con-full elementor-hidden-mobile e-flex wpr-particle-no wpr-jarallax-no wpr-parallax-no wpr-sticky-section-no wpr-equal-height-no e-con e-child\" data-id=\"dca3664\" data-element_type=\"container\" data-e-type=\"container\">\n\t\t\t\t<\/div>\n\t\t\t\t\t<\/div>\n\t\t\t\t<\/div>\n\t\t<div class=\"elementor-element elementor-element-5a1f65b e-flex e-con-boxed wpr-particle-no wpr-jarallax-no wpr-parallax-no wpr-sticky-section-no wpr-equal-height-no e-con e-parent\" data-id=\"5a1f65b\" data-element_type=\"container\" data-e-type=\"container\" data-settings=\"{&quot;background_background&quot;:&quot;classic&quot;,&quot;shape_divider_bottom&quot;:&quot;tilt&quot;}\">\n\t\t\t\t\t<div class=\"e-con-inner\">\n\t\t\t\t<div class=\"elementor-shape elementor-shape-bottom\" aria-hidden=\"true\" data-negative=\"false\">\n\t\t\t<svg xmlns=\"http:\/\/www.w3.org\/2000\/svg\" viewBox=\"0 0 1000 100\" preserveAspectRatio=\"none\">\n\t<path class=\"elementor-shape-fill\" d=\"M0,6V0h1000v100L0,6z\"\/>\n<\/svg>\t\t<\/div>\n\t\t<div class=\"elementor-element elementor-element-98c2cc0 e-flex e-con-boxed wpr-particle-no wpr-jarallax-no wpr-parallax-no wpr-sticky-section-no wpr-equal-height-no e-con e-child\" data-id=\"98c2cc0\" data-element_type=\"container\" data-e-type=\"container\">\n\t\t\t\t\t<div class=\"e-con-inner\">\n\t\t\t\t<div class=\"elementor-element elementor-element-816592f elementor-widget elementor-widget-heading\" data-id=\"816592f\" data-element_type=\"widget\" data-e-type=\"widget\" data-widget_type=\"heading.default\">\n\t\t\t\t\t<h2 class=\"elementor-heading-title elementor-size-default\">Prote\u00e7\u00e3o Civil 360 (N\u00edvel 2)<\/h2>\t\t\t\t<\/div>\n\t\t\t\t<div class=\"elementor-element elementor-element-a6c9baa wpr-forms-submit-center wpr-forms-align-left elementor-widget elementor-widget-wpr-forms\" data-id=\"a6c9baa\" data-element_type=\"widget\" data-e-type=\"widget\" data-widget_type=\"wpr-forms.default\">\n\t\t\t\t\t<div class=\"wpr-forms-container wpr-custom-chk-radio\"><div class=\"wpforms-container wpforms-container-full wpforms-render-modern\" id=\"wpforms-3031\"><form id=\"wpforms-form-3031\" class=\"wpforms-validate wpforms-form wpforms-ajax-form\" data-formid=\"3031\" method=\"post\" enctype=\"multipart\/form-data\" action=\"\/index.php\/wp-json\/wp\/v2\/pages\/3037\" data-token=\"8a870428a439cdf8ef23f39f30d78a13\" data-token-time=\"1776382421\"><noscript class=\"wpforms-error-noscript\">Please enable JavaScript in your browser to complete this form.<\/noscript><div id=\"wpforms-error-noscript\" style=\"display: none;\">Please enable JavaScript in your browser to complete this form.<\/div><div class=\"wpforms-field-container\"><div id=\"wpforms-3031-field_2-container\" class=\"wpforms-field wpforms-field-name\" data-field-id=\"2\"><label class=\"wpforms-field-label\" for=\"wpforms-3031-field_2\">Nome Completo <span class=\"wpforms-required-label\" aria-hidden=\"true\">*<\/span><\/label><input type=\"text\" id=\"wpforms-3031-field_2\" class=\"wpforms-field-large wpforms-field-required\" name=\"wpforms[fields][2]\" aria-errormessage=\"wpforms-3031-field_2-error\" required><\/div><div id=\"wpforms-3031-field_31-container\" class=\"wpforms-field wpforms-field-email wpforms-one-half wpforms-first wpforms-mobile-full\" data-field-id=\"31\"><label class=\"wpforms-field-label\" for=\"wpforms-3031-field_31\">Email <span class=\"wpforms-required-label\" aria-hidden=\"true\">*<\/span><\/label><input type=\"email\" id=\"wpforms-3031-field_31\" class=\"wpforms-field-large wpforms-field-required\" data-disable-suggestions=\"1\" name=\"wpforms[fields][31]\" spellcheck=\"false\" aria-errormessage=\"wpforms-3031-field_31-error\" required><\/div><div id=\"wpforms-3031-field_32-container\" class=\"wpforms-field wpforms-field-phone wpforms-one-half wpforms-mobile-full\" data-field-id=\"32\"><label class=\"wpforms-field-label\" for=\"wpforms-3031-field_32\">Telem\u00f3vel <span class=\"wpforms-required-label\" aria-hidden=\"true\">*<\/span><\/label><input type=\"tel\" id=\"wpforms-3031-field_32\" class=\"wpforms-field-large wpforms-field-required wpforms-smart-phone-field\" data-rule-smart-phone-field=\"true\" name=\"wpforms[fields][32]\" aria-label=\"Telem\u00f3vel\" aria-errormessage=\"wpforms-3031-field_32-error\" required><\/div><div id=\"wpforms-3031-field_18-container\" class=\"wpforms-field wpforms-field-select wpforms-one-half wpforms-first wpforms-mobile-full wpforms-field-select-style-classic\" data-field-id=\"18\"><label class=\"wpforms-field-label\" for=\"wpforms-3031-field_18\">Sexo <span class=\"wpforms-required-label\" aria-hidden=\"true\">*<\/span><\/label><select id=\"wpforms-3031-field_18\" class=\"wpforms-field-large wpforms-field-required\" name=\"wpforms[fields][18]\" required=\"required\"><option value=\"\" class=\"placeholder\" disabled  selected='selected'>Escolha uma op\u00e7\u00e3o...<\/option><option value=\"Masculino\"  class=\"choice-2 depth-1\"  >Masculino<\/option><option value=\"Feminino\"  class=\"choice-3 depth-1\"  >Feminino<\/option><option value=\"Prefiro n\u00e3o responder\"  class=\"choice-4 depth-1\"  >Prefiro n\u00e3o responder<\/option><\/select><\/div><div id=\"wpforms-3031-field_19-container\" class=\"wpforms-field wpforms-field-select wpforms-one-half wpforms-mobile-full wpforms-field-select-style-classic\" data-field-id=\"19\"><label class=\"wpforms-field-label\" for=\"wpforms-3031-field_19\">Doc. de Identifica\u00e7\u00e3o (Tipo) <span class=\"wpforms-required-label\" aria-hidden=\"true\">*<\/span><\/label><select id=\"wpforms-3031-field_19\" class=\"wpforms-field-large wpforms-field-required\" name=\"wpforms[fields][19]\" required=\"required\"><option value=\"\" class=\"placeholder\" disabled  selected='selected'>Escolha uma op\u00e7\u00e3o...<\/option><option value=\"Bilhete de Identidade\"  class=\"choice-2 depth-1\"  >Bilhete de Identidade<\/option><option value=\"Cart\u00e3o de Cidad\u00e3o\"  class=\"choice-3 depth-1\"  >Cart\u00e3o de Cidad\u00e3o<\/option><option value=\"Passaporte\"  class=\"choice-4 depth-1\"  >Passaporte<\/option><option value=\"Visto de Resid\u00eancia\"  class=\"choice-5 depth-1\"  >Visto de Resid\u00eancia<\/option><option value=\"Outro\"  class=\"choice-6 depth-1\"  >Outro<\/option><\/select><\/div>\t\t<div id=\"wpforms-3031-field_1-container\"\n\t\t\tclass=\"wpforms-field wpforms-field-text\"\n\t\t\tdata-field-type=\"text\"\n\t\t\tdata-field-id=\"1\"\n\t\t\t>\n\t\t\t<label class=\"wpforms-field-label\" for=\"wpforms-3031-field_1\" >Sexo p\u00e1gina Completo<\/label>\n\t\t\t<input type=\"text\" id=\"wpforms-3031-field_1\" class=\"wpforms-field-medium\" name=\"wpforms[fields][1]\" >\n\t\t<\/div>\n\t\t<div id=\"wpforms-3031-field_13-container\" class=\"wpforms-field wpforms-field-number wpforms-one-half wpforms-first wpforms-mobile-full\" data-field-id=\"13\"><label class=\"wpforms-field-label\" for=\"wpforms-3031-field_13\">N.\u00ba documento identifica\u00e7\u00e3o <span class=\"wpforms-required-label\" aria-hidden=\"true\">*<\/span><\/label><input type=\"number\" id=\"wpforms-3031-field_13\" class=\"wpforms-field-large wpforms-field-required\" name=\"wpforms[fields][13]\" step=\"any\" aria-errormessage=\"wpforms-3031-field_13-error\" required><\/div><div id=\"wpforms-3031-field_20-container\" class=\"wpforms-field wpforms-field-number wpforms-one-half wpforms-mobile-full\" data-field-id=\"20\"><label class=\"wpforms-field-label\" for=\"wpforms-3031-field_20\">NIF <span class=\"wpforms-required-label\" aria-hidden=\"true\">*<\/span><\/label><input type=\"number\" id=\"wpforms-3031-field_20\" class=\"wpforms-field-large wpforms-field-required\" name=\"wpforms[fields][20]\" step=\"any\" aria-errormessage=\"wpforms-3031-field_20-error\" required><\/div><div id=\"wpforms-3031-field_14-container\" class=\"wpforms-field wpforms-field-name wpforms-one-half wpforms-first wpforms-mobile-full\" data-field-id=\"14\"><label class=\"wpforms-field-label\" for=\"wpforms-3031-field_14\">Nacionalidade <span class=\"wpforms-required-label\" aria-hidden=\"true\">*<\/span><\/label><input type=\"text\" id=\"wpforms-3031-field_14\" class=\"wpforms-field-large wpforms-field-required\" name=\"wpforms[fields][14]\" aria-errormessage=\"wpforms-3031-field_14-error\" required><\/div><div id=\"wpforms-3031-field_22-container\" class=\"wpforms-field wpforms-field-name wpforms-one-half wpforms-mobile-full\" data-field-id=\"22\"><label class=\"wpforms-field-label\" for=\"wpforms-3031-field_22\">Pa\u00eds de Resid\u00eancia Fiscal <span class=\"wpforms-required-label\" aria-hidden=\"true\">*<\/span><\/label><input type=\"text\" id=\"wpforms-3031-field_22\" class=\"wpforms-field-large wpforms-field-required\" name=\"wpforms[fields][22]\" aria-errormessage=\"wpforms-3031-field_22-error\" required><\/div><div id=\"wpforms-3031-field_21-container\" class=\"wpforms-field wpforms-field-name\" data-field-id=\"21\"><label class=\"wpforms-field-label\" for=\"wpforms-3031-field_21\">Morada <span class=\"wpforms-required-label\" aria-hidden=\"true\">*<\/span><\/label><input type=\"text\" id=\"wpforms-3031-field_21\" class=\"wpforms-field-large wpforms-field-required\" name=\"wpforms[fields][21]\" aria-errormessage=\"wpforms-3031-field_21-error\" required><\/div><div id=\"wpforms-3031-field_23-container\" class=\"wpforms-field wpforms-field-textarea\" data-field-id=\"23\"><label class=\"wpforms-field-label\" for=\"wpforms-3031-field_23\">Nota biogr\u00e1fica <span class=\"wpforms-required-label\" aria-hidden=\"true\">*<\/span><\/label><textarea id=\"wpforms-3031-field_23\" class=\"wpforms-field-large wpforms-field-required wpforms-limit-characters-enabled\" data-form-id=\"3031\" data-field-id=\"23\" data-text-limit=\"1000\" name=\"wpforms[fields][23]\" placeholder=\"Nota Biogr\u00e1fica...\" aria-errormessage=\"wpforms-3031-field_23-error\" maxlength=\"1000\" required><\/textarea><\/div><div id=\"wpforms-3031-field_24-container\" class=\"wpforms-field wpforms-field-radio wpforms-list-inline wpforms-conditional-trigger\" data-field-id=\"24\"><fieldset><legend class=\"wpforms-field-label\">Tem p\u00e1gina de LinkedIn? <span class=\"wpforms-required-label\" aria-hidden=\"true\">*<\/span><\/legend><ul id=\"wpforms-3031-field_24\" class=\"wpforms-field-required\"><li class=\"choice-1 depth-1\"><input type=\"radio\" id=\"wpforms-3031-field_24_1\" name=\"wpforms[fields][24]\" value=\"Sim\" aria-errormessage=\"wpforms-3031-field_24_1-error\" required ><label class=\"wpforms-field-label-inline\" for=\"wpforms-3031-field_24_1\">Sim<\/label><\/li><li class=\"choice-2 depth-1\"><input type=\"radio\" id=\"wpforms-3031-field_24_2\" name=\"wpforms[fields][24]\" value=\"N\u00e3o\" aria-errormessage=\"wpforms-3031-field_24_2-error\" required ><label class=\"wpforms-field-label-inline\" for=\"wpforms-3031-field_24_2\">N\u00e3o<\/label><\/li><\/ul><\/fieldset><\/div><div id=\"wpforms-3031-field_27-container\" class=\"wpforms-field wpforms-field-url wpforms-conditional-field wpforms-conditional-show\" data-field-id=\"27\" style=\"display:none;\"><label class=\"wpforms-field-label\" for=\"wpforms-3031-field_27\">Endere\u00e7o do LinkedIn<\/label><input type=\"url\" id=\"wpforms-3031-field_27\" class=\"wpforms-field-large\" name=\"wpforms[fields][27]\" aria-errormessage=\"wpforms-3031-field_27-error\" ><\/div><div id=\"wpforms-3031-field_5-container\" class=\"wpforms-field wpforms-field-checkbox\" data-field-id=\"5\"><fieldset><legend class=\"wpforms-field-label wpforms-label-hide\" aria-hidden=\"false\">Pol\u00edtica de Privacidade <span class=\"wpforms-required-label\" aria-hidden=\"true\">*<\/span><\/legend><ul id=\"wpforms-3031-field_5\" class=\"wpforms-field-required\"><li class=\"choice-1 depth-1 wpforms-selected\"><input type=\"checkbox\" id=\"wpforms-3031-field_5_1\" name=\"wpforms[fields][5][]\" value=\"Li e concordo com a Pol\u00edtica de Privacidade. Ao preencher este formul\u00e1rio, autorizo a Next by Universitas a contactarem-me por e-mail para me fornecerem mais informa\u00e7\u00f5es sobre o programa formativo.\" aria-errormessage=\"wpforms-3031-field_5_1-error\" required  checked='checked'><label class=\"wpforms-field-label-inline\" for=\"wpforms-3031-field_5_1\">Li e concordo com a Pol\u00edtica de Privacidade. Ao preencher este formul\u00e1rio, autorizo a Next by Universitas a contactarem-me por e-mail para me fornecerem mais informa\u00e7\u00f5es sobre o programa formativo.<\/label><\/li><\/ul><\/fieldset><\/div><script>\n\t\t\t\t( function() {\n\t\t\t\t\tconst style = document.createElement( 'style' );\n\t\t\t\t\tstyle.appendChild( document.createTextNode( '#wpforms-3031-field_1-container { position: absolute !important; overflow: hidden !important; display: inline !important; height: 1px !important; width: 1px !important; z-index: -1000 !important; padding: 0 !important; } #wpforms-3031-field_1-container input { visibility: hidden; } #wpforms-conversational-form-page #wpforms-3031-field_1-container label { counter-increment: none; }' ) );\n\t\t\t\t\tdocument.head.appendChild( style );\n\t\t\t\t\tdocument.currentScript?.remove();\n\t\t\t\t} )();\n\t\t\t<\/script><\/div><!-- .wpforms-field-container --><div class=\"wpforms-recaptcha-container wpforms-is-recaptcha wpforms-is-recaptcha-type-invisible\" ><div class=\"g-recaptcha\" data-sitekey=\"6LeqsC4sAAAAAFV7v_Z-pG7Z-3jxlqfqaKep5SRs\" data-size=\"invisible\"><\/div><\/div><div class=\"wpforms-submit-container\" ><input type=\"hidden\" name=\"wpforms[id]\" value=\"3031\"><input type=\"hidden\" name=\"page_title\" value=\"\"><input type=\"hidden\" name=\"page_url\" value=\"https:\/\/next.universitas.pt\/index.php\/wp-json\/wp\/v2\/pages\/3037\"><input type=\"hidden\" name=\"url_referer\" value=\"\"><button type=\"submit\" name=\"wpforms[submit]\" id=\"wpforms-submit-3031\" class=\"wpforms-submit\" data-alt-text=\"Enviando...\" data-submit-text=\"Enviar\" aria-live=\"assertive\" value=\"wpforms-submit\">Enviar<\/button><img decoding=\"async\" src=\"https:\/\/next.universitas.pt\/wp-content\/plugins\/wpforms\/assets\/images\/submit-spin.svg\" class=\"wpforms-submit-spinner\" style=\"display: none;\" width=\"26\" height=\"26\" alt=\"Loading\"><\/div><\/form><\/div>  <!-- .wpforms-container --><\/div>\t\t\t\t<\/div>\n\t\t\t\t\t<\/div>\n\t\t\t\t<\/div>\n\t\t\t\t\t<\/div>\n\t\t\t\t<\/div>\n\t\t\t\t<\/div>\n\t\t","protected":false},"excerpt":{"rendered":"<p>Candidatura ao Programa Prote\u00e7\u00e3o Civil 360 (N\u00edvel 2) Please enable JavaScript in your browser to complete this form.Please enable JavaScript in your browser to complete this form.Nome Completo *Email *Telem\u00f3vel * Sexo *Escolha uma op\u00e7\u00e3o&#8230;MasculinoFemininoPrefiro n\u00e3o responderDoc. de Identifica\u00e7\u00e3o (Tipo) *Escolha uma op\u00e7\u00e3o&#8230;Bilhete de IdentidadeCart\u00e3o de Cidad\u00e3oPassaporteVisto de Resid\u00eanciaOutroN.\u00ba documento identifica\u00e7\u00e3o *NIF *Nacionalidade *Pa\u00eds de Resid\u00eancia Fiscal *Morada *Nota biogr\u00e1fica * Tem p\u00e1gina de LinkedIn? * Sim N\u00e3o Endere\u00e7o do LinkedIn Pol\u00edtica de Privacidade * Li e concordo com a Pol\u00edtica de Privacidade. Ao preencher este formul\u00e1rio, autorizo a Next by Universitas a contactarem-me por e-mail para me fornecerem mais informa\u00e7\u00f5es sobre o programa formativo. Enviar<\/p>\n","protected":false},"author":1,"featured_media":0,"parent":0,"menu_order":0,"comment_status":"closed","ping_status":"closed","template":"elementor_canvas","meta":{"om_disable_all_campaigns":false,"_monsterinsights_skip_tracking":false,"_monsterinsights_sitenote_active":false,"_monsterinsights_sitenote_note":"","_monsterinsights_sitenote_category":0,"footnotes":""},"class_list":["post-3037","page","type-page","status-publish","hentry"],"aioseo_notices":[],"_links":{"self":[{"href":"https:\/\/next.universitas.pt\/index.php\/wp-json\/wp\/v2\/pages\/3037","targetHints":{"allow":["GET"]}}],"collection":[{"href":"https:\/\/next.universitas.pt\/index.php\/wp-json\/wp\/v2\/pages"}],"about":[{"href":"https:\/\/next.universitas.pt\/index.php\/wp-json\/wp\/v2\/types\/page"}],"author":[{"embeddable":true,"href":"https:\/\/next.universitas.pt\/index.php\/wp-json\/wp\/v2\/users\/1"}],"replies":[{"embeddable":true,"href":"https:\/\/next.universitas.pt\/index.php\/wp-json\/wp\/v2\/comments?post=3037"}],"version-history":[{"count":0,"href":"https:\/\/next.universitas.pt\/index.php\/wp-json\/wp\/v2\/pages\/3037\/revisions"}],"wp:attachment":[{"href":"https:\/\/next.universitas.pt\/index.php\/wp-json\/wp\/v2\/media?parent=3037"}],"curies":[{"name":"wp","href":"https:\/\/api.w.org\/{rel}","templated":true}]}}